{"id":1837,"date":"2025-06-07T18:30:12","date_gmt":"2025-06-07T17:30:12","guid":{"rendered":"https:\/\/pedroferreira.pt\/politica-privacidade\/"},"modified":"2025-08-26T09:59:25","modified_gmt":"2025-08-26T08:59:25","slug":"privacy-policy","status":"publish","type":"page","link":"https:\/\/pedroferreira.pt\/en\/privacy-policy\/","title":{"rendered":"Privacy Policy"},"content":{"rendered":"\n<div class=\"wp-block-columns responsive-66 pb is-layout-flex wp-container-core-columns-is-layout-9d6595d7 wp-block-columns-is-layout-flex\">\n<div class=\"wp-block-column is-layout-flow wp-block-column-is-layout-flow\">\n<p>Todas as suas informa\u00e7\u00f5es pessoais recolhidas, ser\u00e3o usadas para o ajudar a tornar a sua visita no nosso site o mais produtiva e agrad\u00e1vel poss\u00edvel. A garantia da confidencialidade dos dados pessoais dos utilizadores do nosso site \u00e9 importante para Pedro Ferreira \u2013 Design Gr\u00e1fico &amp; Web. A informa\u00e7\u00e3o pessoal recolhida pode incluir o seu nome, e-mail, n\u00famero de telefone e\/ou telem\u00f3vel, morada, data de nascimento e\/ou outros. O uso do site Pedro Ferreira \u2013 Designer Gr\u00e1fico &amp; Web pressup\u00f5e a aceita\u00e7\u00e3o deste Acordo de privacidade.<\/p>\n\n\n\n<h2 class=\"wp-block-heading\">Sobre<\/h2>\n\n\n\n<p>Pedro Ferreira \u2013 Design Gr\u00e1fico &amp; Web, reside e trabalha em Grij\u00f3 \u2013 Vila Nova de Gaia \u2013 Portugal. Presta servi\u00e7os de Design Gr\u00e1fico, Web-Designer, venda de carimbos e produtos impressos.&nbsp;O endere\u00e7o do nosso site \u00e9:&nbsp;<a href=\"https:\/\/pedroferreira.pt\/en\/\">https:\/\/pedroferreira.pt<\/a><\/p>\n\n\n\n<h2 class=\"wp-block-heading\">Que dados pessoais s\u00e3o recolhidos e como s\u00e3o recolhidos<\/h2>\n\n\n\n<h3 class=\"wp-block-heading\">Coment\u00e1rios<\/h3>\n\n\n\n<p>Quando os visitantes deixam coment\u00e1rios no site, recolhemos os dados exibidos no formul\u00e1rio de coment\u00e1rios e tamb\u00e9m o endere\u00e7o IP do visitante e a string do agente do usu\u00e1rio do navegador para ajudar na detec\u00e7\u00e3o de spam. Uma string an\u00f3nima criada a partir do seu endere\u00e7o de email (tamb\u00e9m designada por hash) pode ser enviada para o servi\u00e7o Gravatar para verificar se o est\u00e1 a utilizar. A pol\u00edtica de privacidade do servi\u00e7o Gravatar est\u00e1 dispon\u00edvel aqui:&nbsp;<a href=\"https:\/\/automattic.com\/privacy\/\" target=\"_blank\" rel=\"noreferrer noopener\">https:\/\/automattic.com\/privacy\/<\/a>. Depois do seu coment\u00e1rio ser aprovado, a fotografia do seu perfil fica vis\u00edvel para o p\u00fablico no contexto do seu coment\u00e1rio.<\/p>\n\n\n\n<h3 class=\"wp-block-heading\">Multim\u00e9dia<\/h3>\n\n\n\n<p>Se fizer upload de imagens para o site, evite upload de imagens com dados de localiza\u00e7\u00e3o incorporados (EXIF GPS). Os visitantes do site podem baixar e extrair quaisquer dados de localiza\u00e7\u00e3o dessas imagens.<\/p>\n\n\n\n<h3 class=\"wp-block-heading\">Formul\u00e1rios e contacto<\/h3>\n\n\n\n<p>As informa\u00e7\u00f5es enviadas por meio dos formul\u00e1rios de contacto no site, s\u00e3o enviadas para o e-mail da empresa, hospedado no servidor. Pode consultar a pol\u00edtica de privacidade do servidor&nbsp;<a href=\"https:\/\/ptisp.pt\/#company\/legal\" target=\"_blank\" rel=\"noreferrer noopener\">aqui<\/a>. Embora mantenhamos esses envios para fins de atendimento ao cliente, eles nunca s\u00e3o usados \u200b\u200bpara fins de marketing ou compartilhados com terceiros. Podem ser recolhidos dados como nome, email, telefone, morada, c\u00f3digo postal, localidade, pa\u00eds e nif para responder unicamente a pedidos de or\u00e7amento e contacto.<\/p>\n\n\n\n<h3 class=\"wp-block-heading\">Encomendas online<\/h3>\n\n\n\n<p>Enquanto visita o nosso site, vamos registar:<\/p>\n\n\n\n<ul class=\"wp-block-list bullet\">\n<li>Produtos que visualizou: utilizaremos isto, por exemplo, para mostrar produtos que tenha visto recentemente<\/li>\n\n\n\n<li>Localiza\u00e7\u00e3o, endere\u00e7o IP e tipo de navegador: utilizaremos para estimativa de impostos e transporte<\/li>\n\n\n\n<li>Morada de envio: iremos pedir-lhe para, por exemplo, estimar os custos de transporte antes de efectuar uma encomenda!<\/li>\n<\/ul>\n\n\n\n<p>Quando voc\u00ea compra na nossa loja, vamos pedir-lhe para fornecer informa\u00e7\u00f5es, incluindo o seu nome, endere\u00e7o de factura\u00e7\u00e3o, endere\u00e7o de envio, endere\u00e7o de email, n\u00famero de telefone, cart\u00e3o de cr\u00e9dito\/detalhes de pagamento e informa\u00e7\u00f5es de conta opcional, como utilizador e password. Utilizaremos essas informa\u00e7\u00f5es para fins, tais como:<\/p>\n\n\n\n<ul class=\"wp-block-list bullet\">\n<li>Enviar-lhe informa\u00e7\u00f5es sobre a sua conta e encomenda<\/li>\n\n\n\n<li>Responder aos seus pedidos, incluindo reembolsos e queixas<\/li>\n\n\n\n<li>Processamento de pagamentos e preven\u00e7\u00e3o de fraude<\/li>\n\n\n\n<li>Configure a sua conta para a nossa loja<\/li>\n\n\n\n<li>Cumprir todas as obriga\u00e7\u00f5es legais que temos, como o c\u00e1lculo de impostos<\/li>\n\n\n\n<li>Melhorar as ofertas da nossa loja<\/li>\n<\/ul>\n\n\n\n<p>Se criar uma conta, guardamos o seu nome, morada, email e n\u00famero de telefone, que ser\u00e3o utilizados para preencher os seus dados nas pr\u00f3ximas encomendas.<\/p>\n\n\n\n<p>Em geral, armazenamos informa\u00e7\u00f5es sobre si enquanto precisamos desses dados para os motivos que os colectamos, e n\u00e3o somos obrigados, por lei, a continuar a mant\u00ea-los.<\/p>\n\n\n\n<p>Guardamos coment\u00e1rios ou avalia\u00e7\u00f5es.<\/p>\n\n\n\n<h2 class=\"wp-block-heading\">Cookies<\/h2>\n\n\n\n<p>Se deixar um coment\u00e1rio no nosso site pode optar por guardar o seu nome, endere\u00e7o de email e site nos cookies. Isto \u00e9 para sua conveni\u00eancia para n\u00e3o ter de preencher novamente os seus dados quando deixar outro coment\u00e1rio. Estes cookies durar\u00e3o um ano.<\/p>\n\n\n\n<p>Se tem uma conta e iniciar sess\u00e3o neste site, ser\u00e1 configurado um cookie tempor\u00e1rio para determinar se o seu navegador aceita cookies. Este cookie n\u00e3o cont\u00e9m dados pessoais e ser\u00e1 eliminado ao fechar o seu navegador.<\/p>\n\n\n\n<p>Ao iniciar a sess\u00e3o, ser\u00e3o configurados alguns cookies para guardar a sua informa\u00e7\u00e3o de sess\u00e3o e as suas escolhas de visualiza\u00e7\u00e3o de ecr\u00e3. Os cookies de in\u00edcio de sess\u00e3o duram um ano. Se seleccionar \u201cLembrar-me\u201d, a sua sess\u00e3o ir\u00e1 persistir durante duas semanas. Ao terminar a sess\u00e3o, os cookies de inicio de sess\u00e3o ser\u00e3o removidos.<\/p>\n\n\n\n<p>Se editar ou publicar um artigo, ser\u00e1 guardado no seu navegador um cookie adicional. Este cookie n\u00e3o inclui dados pessoais apenas indica o ID de conte\u00fado do artigo que acabou de editar. Expira ao fim de 1 dia.<\/p>\n\n\n\n<p>Tamb\u00e9m utilizamos cookies para manter o conte\u00fado do carrinho enquanto navega no nosso site.<\/p>\n\n\n\n<h3 class=\"wp-block-heading\">O que s\u00e3o cookies?<\/h3>\n\n\n\n<p>\u201cCookies\u201d s\u00e3o pequenas etiquetas de software que s\u00e3o armazenadas nos equipamentos de acesso atrav\u00e9s do navegador (browser), retendo apenas informa\u00e7\u00e3o relacionada com as prefer\u00eancias, n\u00e3o incluindo, como tal, os dados pessoais.<\/p>\n\n\n\n<h3 class=\"wp-block-heading\">Que tipo de cookies existem?<\/h3>\n\n\n\n<p>Existem dois grupos cookies:<\/p>\n\n\n\n<p><strong>Cookies permanentes<\/strong>&nbsp;\u2013 s\u00e3o cookies que ficam armazenados ao n\u00edvel do browser nos equipamentos de acesso (PC, mobile e tablet) e que s\u00e3o utilizados sempre que faz uma nova visita no nosso site.<\/p>\n\n\n\n<p><strong>Cookies de sess\u00e3o<\/strong>&nbsp;\u2013 s\u00e3o cookies tempor\u00e1rios que permanecem no arquivo de cookies do browser at\u00e9 sair do website. A informa\u00e7\u00e3o obtida por estes cookies serve para analisar padr\u00f5es de tr\u00e1fego na web, permitindo identificar problemas e fornecer uma melhor experi\u00eancia de navega\u00e7\u00e3o.<\/p>\n\n\n\n<h3 class=\"wp-block-heading\">Para que fins s\u00e3o utilizados os cookies?<\/h3>\n\n\n\n<p><strong>Cookies estritamente necess\u00e1rios<\/strong>&nbsp;\u2013 Permitem a navega\u00e7\u00e3o no website e utiliza\u00e7\u00e3o das aplica\u00e7\u00f5es, bem como aceder a \u00e1reas seguras do website. Sem estes cookies, os servi\u00e7os requerido n\u00e3o podem ser prestados.<\/p>\n\n\n\n<p><strong>Cookies anal\u00edticos<\/strong>&nbsp;\u2013 S\u00e3o utilizados anonimamente para efeitos de cria\u00e7\u00e3o e an\u00e1lise de estat\u00edsticas, no sentido de melhorar o funcionamento do website.<\/p>\n\n\n\n<p><strong>Cookies de funcionalidade<\/strong>&nbsp;\u2013 Guardam as prefer\u00eancias do utilizador relativamente \u00e0 utiliza\u00e7\u00e3o do site, para que n\u00e3o seja necess\u00e1rio voltar a configurar o site cada vez que o visita.<\/p>\n\n\n\n<p><strong>Cookies de terceiros<\/strong>&nbsp;\u2013 Medem o sucesso de aplica\u00e7\u00f5es e a efic\u00e1cia da publicidade de terceiros. Podem tamb\u00e9m ser utilizados no sentido de personalizar um widget com dados do utilizador.<\/p>\n\n\n\n<p><strong>Cookies de publicidade<\/strong>&nbsp;\u2013 Direcionam a publicidade em fun\u00e7\u00e3o dos interesses de cada utilizador, por forma a direcionar as campanhas publicit\u00e1rias tendo em conta os gostos dos utilizadores, sendo que, al\u00e9m disso, limitam a quantidade de vezes que v\u00ea o an\u00fancio, ajudando a medir a efic\u00e1cia da publicidade e o sucesso da organiza\u00e7\u00e3o do website.<\/p>\n\n\n\n<h3 class=\"wp-block-heading\">Tipos de Cookies que utilizamos<\/h3>\n\n\n\n<div class=\"cky-audit-table-element\"><\/div>\n\n\n\n<h3 class=\"wp-block-heading\">Gest\u00e3o de Prefer\u00eancias de Cookies<\/h3>\n\n\n\n<div class=\"wp-block-buttons is-layout-flex wp-block-buttons-is-layout-flex\">\n<div class=\"wp-block-button cky-banner-element is-style-outline is-style-outline--1\"><a class=\"wp-block-button__link wp-element-button\">Gest\u00e3o de Cookies<\/a><\/div>\n<\/div>\n\n\n\n<div style=\"height:40px\" aria-hidden=\"true\" class=\"wp-block-spacer\"><\/div>\n\n\n\n<h3 class=\"wp-block-heading\">Como pode gerir os cookies?<\/h3>\n\n\n\n<p>Todos os browsers permitem ao utilizador aceitar, recusar ou apagar cookies, e ainda informar o utilizador sempre que um cookie \u00e9 recebido, nomeadamente atrav\u00e9s da sele\u00e7\u00e3o das defini\u00e7\u00f5es apropriadas no respetivo navegador. O utilizador pode configurar os cookies no menu \u201cop\u00e7\u00f5es\u201d ou \u201cprefer\u00eancias\u201d do seu browser.&nbsp;Note-se, no entanto, que, ao desativar cookies, pode impedir que alguns servi\u00e7os da web funcionem corretamente, afetando, parcial ou totalmente, a navega\u00e7\u00e3o no website.<\/p>\n\n\n\n<p><strong>Chrome<\/strong>:&nbsp;<a href=\"https:\/\/support.google.com\/accounts\/answer\/32050\" target=\"_blank\" rel=\"noreferrer noopener\">https:\/\/support.google.com\/accounts\/answer\/32050<\/a><\/p>\n\n\n\n<p><strong>Safari<\/strong>:&nbsp;<a href=\"https:\/\/support.apple.com\/en-in\/guide\/safari\/sfri11471\/mac\" target=\"_blank\" rel=\"noreferrer noopener\">https:\/\/support.apple.com\/en-in\/guide\/safari\/sfri11471\/mac<\/a><\/p>\n\n\n\n<p><strong>Firefox<\/strong>:&nbsp;<a href=\"https:\/\/support.mozilla.org\/en-US\/kb\/clear-cookies-and-site-data-firefox?redirectslug=delete-cookies-remove-info-websites-stored&amp;redirectlocale=en-US\" target=\"_blank\" rel=\"noreferrer noopener\">https:\/\/support.mozilla.org\/en-US\/kb\/clear-cookies-and-site-data-firefox?redirectslug=delete-cookies-remove-info-websites-stored&amp;redirectlocale=en-US<\/a><\/p>\n\n\n\n<p><strong>Internet Explorer<\/strong>:&nbsp;<a href=\"https:\/\/support.microsoft.com\/en-us\/topic\/how-to-delete-cookie-files-in-internet-explorer-bca9446f-d873-78de-77ba-d42645fa52fc\" target=\"_blank\" rel=\"noreferrer noopener\">https:\/\/support.microsoft.com\/en-us\/topic\/how-to-delete-cookie-files-in-internet-explorer-bca9446f-d873-78de-77ba-d42645fa52fc<\/a><\/p>\n\n\n\n<h3 class=\"wp-block-heading\">Mais informa\u00e7\u00e3o sobre cookies<\/h3>\n\n\n\n<p>Para saber mais sobre cookies, consulte o seguinte link (em ingl\u00eas):&nbsp;<a href=\"https:\/\/www.allaboutcookies.org\/\" target=\"_blank\" rel=\"noreferrer noopener\">https:\/\/www.allaboutcookies.org\/<\/a><\/p>\n\n\n\n<h2 class=\"wp-block-heading\">Conte\u00fado incorporado de outros sites<\/h2>\n\n\n\n<p>Os artigos neste site podem incluir conte\u00fado incorporado (por exemplo: v\u00eddeos, imagens, artigos, etc.). O conte\u00fado incorporado de outros sites comporta-se tal como se o utilizador visitasse esses sites. Este site pode recolher dados sobre si, usar cookies, incorporar rastreio feito por terceiros, monitorizar as suas interac\u00e7\u00f5es com o mesmo, incluindo registar as interac\u00e7\u00f5es com conte\u00fado incorporado se tiver uma conta e estiver com sess\u00e3o iniciada nesse site.<\/p>\n\n\n\n<h2 class=\"wp-block-heading\">Dados anal\u00edticos<\/h2>\n\n\n\n<p>Usamos o Google Analytics para monitorizar a performance e interac\u00e7\u00e3o dos visitantes com o site. Usamos estat\u00edsticas do WooCommerce para monitorizar as nossas vendas, taxas de convers\u00e3o, etc.<\/p>\n\n\n\n<h2 class=\"wp-block-heading\">Com quem compartilhamos os seus dados<\/h2>\n\n\n\n<p>N\u00e3o compartilhamos os seus dados com terceiros de forma a revelar qualquer informa\u00e7\u00e3o pessoal, como e-mail, nome, etc.<\/p>\n\n\n\n<p>Este site \u00e9 verificado quanto a poss\u00edveis malwares e vulnerabilidades pelo SiteCheck da Sucuri. N\u00f3s n\u00e3o enviamos informa\u00e7\u00f5es pessoais para a Sucuri; entretanto, a Sucuri poder\u00e1 encontrar informa\u00e7\u00f5es pessoais postadas publicamente (como nos coment\u00e1rios) durante a verifica\u00e7\u00e3o. Para mais detalhes, consulte a pol\u00edtica de privacidade da&nbsp;<a href=\"https:\/\/sucuri.net\/privacy\" target=\"_blank\" rel=\"noreferrer noopener\">Sucuri<\/a>.<\/p>\n\n\n\n<h2 class=\"wp-block-heading\">Quem pode ver as sua informa\u00e7\u00f5es pessoais<\/h2>\n\n\n\n<p>Se n\u00e3o \u00e9 um cliente registado no nosso site, n\u00e3o recolhemos qualquer tipo de informa\u00e7\u00e3o sobre si.<\/p>\n\n\n\n<p>Se \u00e9 um cliente registado no nosso site, pode aceder \u00e0s suas informa\u00e7\u00f5es pessoais das seguintes formas:<\/p>\n\n\n\n<ul class=\"wp-block-list bullet\">\n<li>Na \u00e1rea de clientes em Minha Conta<\/li>\n\n\n\n<li>Apenas Pedro Ferreira \u2013 Designer Gr\u00e1fico &amp; Web pode ver as suas informa\u00e7\u00f5es para fins de contacto e vendas.<\/li>\n<\/ul>\n\n\n\n<h2 class=\"wp-block-heading\">Por quanto tempo s\u00e3o retidos os seus dados<\/h2>\n\n\n\n<p>Os dados pessoais recolhidos nas compras online, s\u00e3o retidos por 3 anos.<\/p>\n\n\n\n<p>Quando envia um coment\u00e1rio, os seus metadados s\u00e3o retidos at\u00e9 que nos pe\u00e7a para remover. Usamos esses dados para que possamos reconhec\u00ea-lo e aprovar os seus coment\u00e1rios. Se se registrar no nosso site, tamb\u00e9m armazenamos as informa\u00e7\u00f5es pessoais que indica no seu perfil de utilizador. Poder\u00e1 ver, editar ou excluir suas informa\u00e7\u00f5es pessoais a qualquer momento (exceto alterar seu nome de usu\u00e1rio). Administradores de sites tamb\u00e9m podem ver e editar essas informa\u00e7\u00f5es.<\/p>\n\n\n\n<h2 class=\"wp-block-heading\">Como protegemos os seus dados e como procedemos em caso de viola\u00e7\u00e3o de dados<\/h2>\n\n\n\n<p>Protegemos os dados do cliente com recurso a SSL \/ HTTPS em todo o site. Isto criptografa as comunica\u00e7\u00f5es do utilizador com os servidores para que as informa\u00e7\u00f5es pessoais identific\u00e1veis \u200b\u200bnunca sejam capturadas por terceiros sem autoriza\u00e7\u00e3o. Em caso de viola\u00e7\u00e3o de dados, Pedro Ferreira \u2013 Designer Gr\u00e1fico &amp; Web como \u00fanico administrador do site, analisar\u00e1 os utilizadores afetados e redefinir\u00e1 novas senhas, se necess\u00e1rio, ap\u00f3s informar o usu\u00e1rio.<\/p>\n\n\n\n<h2 class=\"wp-block-heading\">Que direitos tem sobre os seus dados<\/h2>\n\n\n\n<p>Se tiver uma conta neste site, ou deixou coment\u00e1rios, pode pedir para receber um ficheiro de exporta\u00e7\u00e3o com os dados pessoais guardados sobre si, incluindo qualquer dado pessoal que indicou. Tamb\u00e9m pode solicitar que os dados guardados sejam eliminados. Isto n\u00e3o inclui qualquer dado pessoal que seja obrigat\u00f3rio manter para fins administrativos, legais ou de seguran\u00e7a.<\/p>\n\n\n\n<h2 class=\"wp-block-heading\">Para onde s\u00e3o enviados os seus dados<\/h2>\n\n\n\n<p>Os coment\u00e1rios dos visitantes podem ser verificados atrav\u00e9s de um servi\u00e7o autom\u00e1tico de detec\u00e7\u00e3o de spam.<\/p>\n\n\n\n<p>Este site faz parte de uma rede de sites que protegem contra ataques de for\u00e7a bruta. Para ativar essa prote\u00e7\u00e3o, o endere\u00e7o IP dos visitantes que tentam aceder ao site \u00e9 compartilhado com um servi\u00e7o fornecido pelo ithemes.com. Para detalhes da pol\u00edtica de privacidade, consulte a&nbsp;<a href=\"https:\/\/ithemes.com\/privacy-policy\/\" target=\"_blank\" rel=\"noreferrer noopener\">Pol\u00edtica de Privacidade do iThemes<\/a>.<\/p>\n\n\n\n<h2 class=\"wp-block-heading\">Informa\u00e7\u00f5es adicionais<\/h2>\n\n\n\n<p>Para qualquer quest\u00e3o relacionada com a privacidade, entre em&nbsp;<a href=\"https:\/\/pedroferreira.pt\/en\/contacts\/\">contacto<\/a>.<\/p>\n<\/div>\n<\/div>\n","protected":false},"excerpt":{"rendered":"<p>Todas as suas informa\u00e7\u00f5es pessoais recolhidas, ser\u00e3o usadas para o ajudar a tornar a sua visita no nosso site o mais produtiva e agrad\u00e1vel poss\u00edvel. A garantia da confidencialidade dos dados pessoais dos utilizadores do nosso site \u00e9 importante para Pedro Ferreira \u2013 Design Gr\u00e1fico &amp; Web. A informa\u00e7\u00e3o pessoal recolhida pode incluir o seu [&hellip;]<\/p>\n","protected":false},"author":2,"featured_media":0,"parent":0,"menu_order":20,"comment_status":"closed","ping_status":"closed","template":"page-simples.php","meta":{"footnotes":""},"class_list":["post-1837","page","type-page","status-publish","hentry"],"yoast_head":"<!-- This site is optimized with the Yoast SEO plugin v27.4 - https:\/\/yoast.com\/product\/yoast-seo-wordpress\/ -->\n<title>Privacy Policy - Pedro Ferreira - Design Gr\u00e1fico e Web<\/title>\n<meta name=\"robots\" content=\"index, follow, max-snippet:-1, max-image-preview:large, max-video-preview:-1\" \/>\n<link rel=\"canonical\" href=\"https:\/\/pedroferreira.pt\/en\/privacy-policy\/\" \/>\n<meta property=\"og:locale\" content=\"en_US\" \/>\n<meta property=\"og:type\" content=\"article\" \/>\n<meta property=\"og:title\" content=\"Privacy Policy - Pedro Ferreira - Design Gr\u00e1fico e Web\" \/>\n<meta property=\"og:description\" content=\"Todas as suas informa\u00e7\u00f5es pessoais recolhidas, ser\u00e3o usadas para o ajudar a tornar a sua visita no nosso site o mais produtiva e agrad\u00e1vel poss\u00edvel. A garantia da confidencialidade dos dados pessoais dos utilizadores do nosso site \u00e9 importante para Pedro Ferreira \u2013 Design Gr\u00e1fico &amp; Web. A informa\u00e7\u00e3o pessoal recolhida pode incluir o seu [&hellip;]\" \/>\n<meta property=\"og:url\" content=\"https:\/\/pedroferreira.pt\/en\/privacy-policy\/\" \/>\n<meta property=\"og:site_name\" content=\"Pedro Ferreira\" \/>\n<meta property=\"article:publisher\" content=\"https:\/\/www.facebook.com\/pedroferreiradgw\" \/>\n<meta property=\"article:modified_time\" content=\"2025-08-26T08:59:25+00:00\" \/>\n<meta name=\"twitter:card\" content=\"summary_large_image\" \/>\n<meta name=\"twitter:label1\" content=\"Est. reading time\" \/>\n\t<meta name=\"twitter:data1\" content=\"8 minutes\" \/>\n<script type=\"application\/ld+json\" class=\"yoast-schema-graph\">{\"@context\":\"https:\\\/\\\/schema.org\",\"@graph\":[{\"@type\":\"WebPage\",\"@id\":\"https:\\\/\\\/pedroferreira.pt\\\/en\\\/privacy-policy\\\/\",\"url\":\"https:\\\/\\\/pedroferreira.pt\\\/en\\\/privacy-policy\\\/\",\"name\":\"Privacy Policy - Pedro Ferreira - Design Gr\u00e1fico e Web\",\"isPartOf\":{\"@id\":\"https:\\\/\\\/pedroferreira.pt\\\/en\\\/#website\"},\"datePublished\":\"2025-06-07T17:30:12+00:00\",\"dateModified\":\"2025-08-26T08:59:25+00:00\",\"inLanguage\":\"en-US\",\"potentialAction\":[{\"@type\":\"ReadAction\",\"target\":[\"https:\\\/\\\/pedroferreira.pt\\\/en\\\/privacy-policy\\\/\"]}]},{\"@type\":\"WebSite\",\"@id\":\"https:\\\/\\\/pedroferreira.pt\\\/en\\\/#website\",\"url\":\"https:\\\/\\\/pedroferreira.pt\\\/en\\\/\",\"name\":\"Pedro Ferreira\",\"description\":\"Design Gr\u00e1fico e Web\",\"publisher\":{\"@id\":\"https:\\\/\\\/pedroferreira.pt\\\/en\\\/#organization\"},\"potentialAction\":[{\"@type\":\"SearchAction\",\"target\":{\"@type\":\"EntryPoint\",\"urlTemplate\":\"https:\\\/\\\/pedroferreira.pt\\\/en\\\/?s={search_term_string}\"},\"query-input\":{\"@type\":\"PropertyValueSpecification\",\"valueRequired\":true,\"valueName\":\"search_term_string\"}}],\"inLanguage\":\"en-US\"},{\"@type\":\"Organization\",\"@id\":\"https:\\\/\\\/pedroferreira.pt\\\/en\\\/#organization\",\"name\":\"Pedro Ferreira - Design Gr\u00e1fico e Web\",\"url\":\"https:\\\/\\\/pedroferreira.pt\\\/en\\\/\",\"logo\":{\"@type\":\"ImageObject\",\"inLanguage\":\"en-US\",\"@id\":\"https:\\\/\\\/pedroferreira.pt\\\/en\\\/#\\\/schema\\\/logo\\\/image\\\/\",\"url\":\"https:\\\/\\\/pedroferreira.pt\\\/wp-content\\\/uploads\\\/2025\\\/08\\\/logotipo-pedro-ferreira.webp\",\"contentUrl\":\"https:\\\/\\\/pedroferreira.pt\\\/wp-content\\\/uploads\\\/2025\\\/08\\\/logotipo-pedro-ferreira.webp\",\"width\":476,\"height\":71,\"caption\":\"Pedro Ferreira - Design Gr\u00e1fico e Web\"},\"image\":{\"@id\":\"https:\\\/\\\/pedroferreira.pt\\\/en\\\/#\\\/schema\\\/logo\\\/image\\\/\"},\"sameAs\":[\"https:\\\/\\\/www.facebook.com\\\/pedroferreiradgw\",\"https:\\\/\\\/www.behance.net\\\/pedroferreiramd\",\"https:\\\/\\\/www.instagram.com\\\/pedroferreiradgw\\\/\",\"https:\\\/\\\/www.linkedin.com\\\/in\\\/pedro-ferreira-603b9657\\\/\"]}]}<\/script>\n<!-- \/ Yoast SEO plugin. -->","yoast_head_json":{"title":"Privacy Policy - Pedro Ferreira - Design Gr\u00e1fico e Web","robots":{"index":"index","follow":"follow","max-snippet":"max-snippet:-1","max-image-preview":"max-image-preview:large","max-video-preview":"max-video-preview:-1"},"canonical":"https:\/\/pedroferreira.pt\/en\/privacy-policy\/","og_locale":"en_US","og_type":"article","og_title":"Privacy Policy - Pedro Ferreira - Design Gr\u00e1fico e Web","og_description":"Todas as suas informa\u00e7\u00f5es pessoais recolhidas, ser\u00e3o usadas para o ajudar a tornar a sua visita no nosso site o mais produtiva e agrad\u00e1vel poss\u00edvel. A garantia da confidencialidade dos dados pessoais dos utilizadores do nosso site \u00e9 importante para Pedro Ferreira \u2013 Design Gr\u00e1fico &amp; Web. A informa\u00e7\u00e3o pessoal recolhida pode incluir o seu [&hellip;]","og_url":"https:\/\/pedroferreira.pt\/en\/privacy-policy\/","og_site_name":"Pedro Ferreira","article_publisher":"https:\/\/www.facebook.com\/pedroferreiradgw","article_modified_time":"2025-08-26T08:59:25+00:00","twitter_card":"summary_large_image","twitter_misc":{"Est. reading time":"8 minutes"},"schema":{"@context":"https:\/\/schema.org","@graph":[{"@type":"WebPage","@id":"https:\/\/pedroferreira.pt\/en\/privacy-policy\/","url":"https:\/\/pedroferreira.pt\/en\/privacy-policy\/","name":"Privacy Policy - Pedro Ferreira - Design Gr\u00e1fico e Web","isPartOf":{"@id":"https:\/\/pedroferreira.pt\/en\/#website"},"datePublished":"2025-06-07T17:30:12+00:00","dateModified":"2025-08-26T08:59:25+00:00","inLanguage":"en-US","potentialAction":[{"@type":"ReadAction","target":["https:\/\/pedroferreira.pt\/en\/privacy-policy\/"]}]},{"@type":"WebSite","@id":"https:\/\/pedroferreira.pt\/en\/#website","url":"https:\/\/pedroferreira.pt\/en\/","name":"Pedro Ferreira","description":"Design Gr\u00e1fico e Web","publisher":{"@id":"https:\/\/pedroferreira.pt\/en\/#organization"},"potentialAction":[{"@type":"SearchAction","target":{"@type":"EntryPoint","urlTemplate":"https:\/\/pedroferreira.pt\/en\/?s={search_term_string}"},"query-input":{"@type":"PropertyValueSpecification","valueRequired":true,"valueName":"search_term_string"}}],"inLanguage":"en-US"},{"@type":"Organization","@id":"https:\/\/pedroferreira.pt\/en\/#organization","name":"Pedro Ferreira - Design Gr\u00e1fico e Web","url":"https:\/\/pedroferreira.pt\/en\/","logo":{"@type":"ImageObject","inLanguage":"en-US","@id":"https:\/\/pedroferreira.pt\/en\/#\/schema\/logo\/image\/","url":"https:\/\/pedroferreira.pt\/wp-content\/uploads\/2025\/08\/logotipo-pedro-ferreira.webp","contentUrl":"https:\/\/pedroferreira.pt\/wp-content\/uploads\/2025\/08\/logotipo-pedro-ferreira.webp","width":476,"height":71,"caption":"Pedro Ferreira - Design Gr\u00e1fico e Web"},"image":{"@id":"https:\/\/pedroferreira.pt\/en\/#\/schema\/logo\/image\/"},"sameAs":["https:\/\/www.facebook.com\/pedroferreiradgw","https:\/\/www.behance.net\/pedroferreiramd","https:\/\/www.instagram.com\/pedroferreiradgw\/","https:\/\/www.linkedin.com\/in\/pedro-ferreira-603b9657\/"]}]}},"_links":{"self":[{"href":"https:\/\/pedroferreira.pt\/en\/wp-json\/wp\/v2\/pages\/1837","targetHints":{"allow":["GET"]}}],"collection":[{"href":"https:\/\/pedroferreira.pt\/en\/wp-json\/wp\/v2\/pages"}],"about":[{"href":"https:\/\/pedroferreira.pt\/en\/wp-json\/wp\/v2\/types\/page"}],"author":[{"embeddable":true,"href":"https:\/\/pedroferreira.pt\/en\/wp-json\/wp\/v2\/users\/2"}],"replies":[{"embeddable":true,"href":"https:\/\/pedroferreira.pt\/en\/wp-json\/wp\/v2\/comments?post=1837"}],"version-history":[{"count":1,"href":"https:\/\/pedroferreira.pt\/en\/wp-json\/wp\/v2\/pages\/1837\/revisions"}],"predecessor-version":[{"id":1838,"href":"https:\/\/pedroferreira.pt\/en\/wp-json\/wp\/v2\/pages\/1837\/revisions\/1838"}],"wp:attachment":[{"href":"https:\/\/pedroferreira.pt\/en\/wp-json\/wp\/v2\/media?parent=1837"}],"curies":[{"name":"wp","href":"https:\/\/api.w.org\/{rel}","templated":true}]}}